{"id":1219,"date":"2020-04-03T09:15:41","date_gmt":"2020-04-03T07:15:41","guid":{"rendered":"https:\/\/zencellowl.com\/?page_id=1219"},"modified":"2025-06-16T08:01:05","modified_gmt":"2025-06-16T06:01:05","slug":"imprint","status":"publish","type":"page","link":"https:\/\/zencellowl.com\/de\/imprint\/","title":{"rendered":"Impressum"},"content":{"rendered":"<div data-elementor-type=\"wp-page\" data-elementor-id=\"1219\" class=\"elementor elementor-1219\" data-elementor-post-type=\"page\">\n\t\t\t\t<div class=\"elementor-element elementor-element-14d8b27 e-flex e-con-boxed e-con e-parent\" data-id=\"14d8b27\" data-element_type=\"container\" data-e-type=\"container\">\n\t\t\t\t\t<div class=\"e-con-inner\">\n\t\t<div class=\"elementor-element elementor-element-80c1aac e-con-full e-flex e-con e-child\" data-id=\"80c1aac\" data-element_type=\"container\" data-e-type=\"container\">\n\t\t\t\t<div class=\"elementor-element elementor-element-96c57e0 elementor-widget elementor-widget-text-editor\" data-id=\"96c57e0\" data-element_type=\"widget\" data-e-type=\"widget\" data-widget_type=\"text-editor.default\">\n\t\t\t\t<div class=\"elementor-widget-container\">\n\t\t\t\t\t\t\t\t\t<h1>Impressum<\/h1><h4>Herausgeber:<\/h4><p>innoME GmbH<br \/>In der T\u00fctenbeke 36<br \/>32339 Espelkamp<br \/>Tel.: +49 (89) 215 377 00<br \/>E-Mail: info@zencell.com<\/p><p>Handelsregister: Amtsgericht Bad Oeynhausen, HRB 14557<br \/>UST-ID-Nr. DE300923829<br \/>WEEE-Reg.-Nr. DE 43441295<br \/>Gesch\u00e4ftsf\u00fchrer: Martin Quarder, Klaus B\u00f6nning<br \/>Verantwortlich f\u00fcr den Inhalt: InnoME GmbH \/ Alle Rechte vorbehalten<\/p>\t\t\t\t\t\t\t\t<\/div>\n\t\t\t\t<\/div>\n\t\t\t\t<\/div>\n\t\t\t\t\t<\/div>\n\t\t\t\t<\/div>\n\t\t\t\t<\/div>","protected":false},"excerpt":{"rendered":"<p>Impressum Herausgeber: innoME GmbHIn der T\u00fctenbeke 3632339 EspelkampTel.: +49 (89) 215 377 00E-Mail: info@zencell.com Handelsregister: Amtsgericht Bad Oeynhausen, HRB 14557UST.ID-Nr. DE300923829WEEE-Reg.-Nr. DE 43441295Gesch\u00e4ftsf\u00fchrer: Martin Quarder, Klaus B\u00f6nningVerantwortlich f\u00fcr den Inhalt: [&hellip;]<\/p>\n","protected":false},"author":1,"featured_media":0,"parent":0,"menu_order":0,"comment_status":"closed","ping_status":"closed","template":"elementor_header_footer","meta":{"_acf_changed":false,"_monsterinsights_skip_tracking":false,"_monsterinsights_sitenote_active":false,"_monsterinsights_sitenote_note":"","_monsterinsights_sitenote_category":0,"footnotes":""},"class_list":["post-1219","page","type-page","status-publish","hentry"],"acf":[],"yoast_head":"<!-- This site is optimized with the Yoast SEO plugin v27.6 - https:\/\/yoast.com\/product\/yoast-seo-wordpress\/ -->\n<title>Imprint - zenCELL owl<\/title>\n<meta name=\"robots\" content=\"index, follow, max-snippet:-1, max-image-preview:large, max-video-preview:-1\" \/>\n<link rel=\"canonical\" href=\"https:\/\/zencellowl.com\/de\/imprint\/\" \/>\n<meta property=\"og:locale\" content=\"de_DE\" \/>\n<meta property=\"og:type\" content=\"article\" \/>\n<meta property=\"og:title\" content=\"Imprint - zenCELL owl\" \/>\n<meta property=\"og:description\" content=\"Impressum Herausgeber: innoME GmbHIn der T\u00fctenbeke 3632339 EspelkampTel.: +49 (89) 215 377 00E-Mail: info@zencell.com Handelsregister: Amtsgericht Bad Oeynhausen, HRB 14557UST.ID-Nr. DE300923829WEEE-Reg.-Nr. DE 43441295Gesch\u00e4ftsf\u00fchrer: Martin Quarder, Klaus B\u00f6nningVerantwortlich f\u00fcr den Inhalt: [&hellip;]\" \/>\n<meta property=\"og:url\" content=\"https:\/\/zencellowl.com\/de\/imprint\/\" \/>\n<meta property=\"og:site_name\" content=\"zenCELL owl\" \/>\n<meta property=\"article:publisher\" content=\"https:\/\/facebook.com\/seamlessbio\" \/>\n<meta property=\"article:modified_time\" content=\"2025-06-16T06:01:05+00:00\" \/>\n<meta property=\"og:image\" content=\"https:\/\/zencellowl.com\/wp-content\/uploads\/2020\/03\/zenCELL-owl_20190325-7-scaled.jpg\" \/>\n\t<meta property=\"og:image:width\" content=\"2560\" \/>\n\t<meta property=\"og:image:height\" content=\"1829\" \/>\n\t<meta property=\"og:image:type\" content=\"image\/jpeg\" \/>\n<meta name=\"twitter:card\" content=\"summary_large_image\" \/>\n<meta name=\"twitter:label1\" content=\"Gesch\u00e4tzte Lesezeit\" \/>\n\t<meta name=\"twitter:data1\" content=\"1\u00a0Minute\" \/>\n<script type=\"application\/ld+json\" class=\"yoast-schema-graph\">{\"@context\":\"https:\\\/\\\/schema.org\",\"@graph\":[{\"@type\":\"WebPage\",\"@id\":\"https:\\\/\\\/zencellowl.com\\\/imprint\\\/\",\"url\":\"https:\\\/\\\/zencellowl.com\\\/imprint\\\/\",\"name\":\"Imprint - zenCELL owl\",\"isPartOf\":{\"@id\":\"https:\\\/\\\/zencellowl.com\\\/#website\"},\"datePublished\":\"2020-04-03T07:15:41+00:00\",\"dateModified\":\"2025-06-16T06:01:05+00:00\",\"breadcrumb\":{\"@id\":\"https:\\\/\\\/zencellowl.com\\\/imprint\\\/#breadcrumb\"},\"inLanguage\":\"de\",\"potentialAction\":[{\"@type\":\"ReadAction\",\"target\":[\"https:\\\/\\\/zencellowl.com\\\/imprint\\\/\"]}]},{\"@type\":\"BreadcrumbList\",\"@id\":\"https:\\\/\\\/zencellowl.com\\\/imprint\\\/#breadcrumb\",\"itemListElement\":[{\"@type\":\"ListItem\",\"position\":1,\"name\":\"Home\",\"item\":\"https:\\\/\\\/zencellowl.com\\\/\"},{\"@type\":\"ListItem\",\"position\":2,\"name\":\"Imprint\"}]},{\"@type\":\"WebSite\",\"@id\":\"https:\\\/\\\/zencellowl.com\\\/#website\",\"url\":\"https:\\\/\\\/zencellowl.com\\\/\",\"name\":\"zenCELL owl\",\"description\":\"Microscopy for the incubator\",\"publisher\":{\"@id\":\"https:\\\/\\\/zencellowl.com\\\/#organization\"},\"potentialAction\":[{\"@type\":\"SearchAction\",\"target\":{\"@type\":\"EntryPoint\",\"urlTemplate\":\"https:\\\/\\\/zencellowl.com\\\/?s={search_term_string}\"},\"query-input\":{\"@type\":\"PropertyValueSpecification\",\"valueRequired\":true,\"valueName\":\"search_term_string\"}}],\"inLanguage\":\"de\"},{\"@type\":\"Organization\",\"@id\":\"https:\\\/\\\/zencellowl.com\\\/#organization\",\"name\":\"zenCELL owl\",\"url\":\"https:\\\/\\\/zencellowl.com\\\/\",\"logo\":{\"@type\":\"ImageObject\",\"inLanguage\":\"de\",\"@id\":\"https:\\\/\\\/zencellowl.com\\\/#\\\/schema\\\/logo\\\/image\\\/\",\"url\":\"https:\\\/\\\/zencellowl.com\\\/wp-content\\\/uploads\\\/2025\\\/06\\\/cropped-zenCELL-owl-Logo.webp\",\"contentUrl\":\"https:\\\/\\\/zencellowl.com\\\/wp-content\\\/uploads\\\/2025\\\/06\\\/cropped-zenCELL-owl-Logo.webp\",\"width\":1000,\"height\":277,\"caption\":\"zenCELL owl\"},\"image\":{\"@id\":\"https:\\\/\\\/zencellowl.com\\\/#\\\/schema\\\/logo\\\/image\\\/\"},\"sameAs\":[\"https:\\\/\\\/facebook.com\\\/seamlessbio\",\"https:\\\/\\\/www.linkedin.com\\\/showcase\\\/zencell\",\"https:\\\/\\\/www.youtube.com\\\/channel\\\/UCXAylxxl0x7Vs-AkvPZj6YA\"]}]}<\/script>\n<!-- \/ Yoast SEO plugin. -->","yoast_head_json":{"title":"Imprint - zenCELL owl","robots":{"index":"index","follow":"follow","max-snippet":"max-snippet:-1","max-image-preview":"max-image-preview:large","max-video-preview":"max-video-preview:-1"},"canonical":"https:\/\/zencellowl.com\/de\/imprint\/","og_locale":"de_DE","og_type":"article","og_title":"Imprint - zenCELL owl","og_description":"Impressum Herausgeber: innoME GmbHIn der T\u00fctenbeke 3632339 EspelkampTel.: +49 (89) 215 377 00E-Mail: info@zencell.com Handelsregister: Amtsgericht Bad Oeynhausen, HRB 14557UST.ID-Nr. DE300923829WEEE-Reg.-Nr. DE 43441295Gesch\u00e4ftsf\u00fchrer: Martin Quarder, Klaus B\u00f6nningVerantwortlich f\u00fcr den Inhalt: [&hellip;]","og_url":"https:\/\/zencellowl.com\/de\/imprint\/","og_site_name":"zenCELL owl","article_publisher":"https:\/\/facebook.com\/seamlessbio","article_modified_time":"2025-06-16T06:01:05+00:00","og_image":[{"width":2560,"height":1829,"url":"https:\/\/zencellowl.com\/wp-content\/uploads\/2020\/03\/zenCELL-owl_20190325-7-scaled.jpg","type":"image\/jpeg"}],"twitter_card":"summary_large_image","twitter_misc":{"Gesch\u00e4tzte Lesezeit":"1\u00a0Minute"},"schema":{"@context":"https:\/\/schema.org","@graph":[{"@type":"WebPage","@id":"https:\/\/zencellowl.com\/imprint\/","url":"https:\/\/zencellowl.com\/imprint\/","name":"Imprint - zenCELL owl","isPartOf":{"@id":"https:\/\/zencellowl.com\/#website"},"datePublished":"2020-04-03T07:15:41+00:00","dateModified":"2025-06-16T06:01:05+00:00","breadcrumb":{"@id":"https:\/\/zencellowl.com\/imprint\/#breadcrumb"},"inLanguage":"de","potentialAction":[{"@type":"ReadAction","target":["https:\/\/zencellowl.com\/imprint\/"]}]},{"@type":"BreadcrumbList","@id":"https:\/\/zencellowl.com\/imprint\/#breadcrumb","itemListElement":[{"@type":"ListItem","position":1,"name":"Home","item":"https:\/\/zencellowl.com\/"},{"@type":"ListItem","position":2,"name":"Imprint"}]},{"@type":"WebSite","@id":"https:\/\/zencellowl.com\/#website","url":"https:\/\/zencellowl.com\/","name":"zenCELL owl","description":"Mikroskopie f\u00fcr den Inkubator","publisher":{"@id":"https:\/\/zencellowl.com\/#organization"},"potentialAction":[{"@type":"SearchAction","target":{"@type":"EntryPoint","urlTemplate":"https:\/\/zencellowl.com\/?s={search_term_string}"},"query-input":{"@type":"PropertyValueSpecification","valueRequired":true,"valueName":"search_term_string"}}],"inLanguage":"de"},{"@type":"Organization","@id":"https:\/\/zencellowl.com\/#organization","name":"zenCELL owl","url":"https:\/\/zencellowl.com\/","logo":{"@type":"ImageObject","inLanguage":"de","@id":"https:\/\/zencellowl.com\/#\/schema\/logo\/image\/","url":"https:\/\/zencellowl.com\/wp-content\/uploads\/2025\/06\/cropped-zenCELL-owl-Logo.webp","contentUrl":"https:\/\/zencellowl.com\/wp-content\/uploads\/2025\/06\/cropped-zenCELL-owl-Logo.webp","width":1000,"height":277,"caption":"zenCELL owl"},"image":{"@id":"https:\/\/zencellowl.com\/#\/schema\/logo\/image\/"},"sameAs":["https:\/\/facebook.com\/seamlessbio","https:\/\/www.linkedin.com\/showcase\/zencell","https:\/\/www.youtube.com\/channel\/UCXAylxxl0x7Vs-AkvPZj6YA"]}]}},"_hostinger_reach_plugin_has_subscription_block":false,"_hostinger_reach_plugin_is_elementor":false,"_links":{"self":[{"href":"https:\/\/zencellowl.com\/de\/wp-json\/wp\/v2\/pages\/1219","targetHints":{"allow":["GET"]}}],"collection":[{"href":"https:\/\/zencellowl.com\/de\/wp-json\/wp\/v2\/pages"}],"about":[{"href":"https:\/\/zencellowl.com\/de\/wp-json\/wp\/v2\/types\/page"}],"author":[{"embeddable":true,"href":"https:\/\/zencellowl.com\/de\/wp-json\/wp\/v2\/users\/1"}],"replies":[{"embeddable":true,"href":"https:\/\/zencellowl.com\/de\/wp-json\/wp\/v2\/comments?post=1219"}],"version-history":[{"count":4,"href":"https:\/\/zencellowl.com\/de\/wp-json\/wp\/v2\/pages\/1219\/revisions"}],"predecessor-version":[{"id":3749,"href":"https:\/\/zencellowl.com\/de\/wp-json\/wp\/v2\/pages\/1219\/revisions\/3749"}],"wp:attachment":[{"href":"https:\/\/zencellowl.com\/de\/wp-json\/wp\/v2\/media?parent=1219"}],"curies":[{"name":"wp","href":"https:\/\/api.w.org\/{rel}","templated":true}]}}